{"id":27459,"date":"2022-04-07T22:38:05","date_gmt":"2022-04-08T03:38:05","guid":{"rendered":"https:\/\/www.showeet.com\/privacy-statement-us\/"},"modified":"2022-04-08T23:01:06","modified_gmt":"2022-04-09T04:01:06","slug":"privacy-statement-us","status":"publish","type":"page","link":"https:\/\/www.showeet.com\/fr\/privacy-statement-us\/","title":{"rendered":"Politique de confidentialit\u00e9 (\u00c9tats-Unis)"},"content":{"rendered":"\n<!-- Legal document generated by Complianz | GDPR\/CCPA Cookie Consent https:\/\/wordpress.org\/plugins\/complianz-gdpr -->\n<div id=\"cmplz-document\" class=\"cmplz-document privacy-statement cmplz-document-us\"><p><i>This privacy statement was last changed on f\u00e9vrier 16, 2026, last checked on f\u00e9vrier 16, 2026, and applies to citizens and legal permanent residents of the United States.<\/i><br \/><br \/><\/p><p>In this privacy statement, we explain what we do with the data we obtain about you via <a href=\"https:\/\/www.showeet.com\/fr\/\">https:\/\/www.showeet.com\/fr\/<\/a>. We recommend you carefully read this statement. In our processing we comply with the requirements of privacy legislation. That means, among other things, that:<ul>\n                <li>we clearly state the purposes for which we process personal data. We do this by means of this privacy statement;<\/li>\n                <li>we aim to limit our collection of personal data to only the personal data required for legitimate purposes;<\/li>\n                <li>we first request your explicit consent to process your personal data in cases requiring your consent;<\/li>\n                <li>we take appropriate security measures to protect your personal data and also require this from parties that process personal data on our behalf;<\/li>\n                <li>we respect your right to access your personal data or have it corrected or deleted, at your request.<\/li>\n            <\/ul><\/p><p>If you have any questions, or want to know exactly what data we keep of you, please contact us.<\/p><h2>1. Finalit\u00e9 et cat\u00e9gories de donn\u00e9es<\/h2><p>Nous pouvons collecter ou recevoir des informations personnelles pour un certain nombre de raisons li\u00e9es \u00e0 nos activit\u00e9s commerciales, notamment les suivantes\u00a0: (cliquez pour d\u00e9plier)<\/b><\/p><details class=\"cmplz-dropdown dropdown-privacy-statement\"><summary><div><h3>1.1 Contact - Par t\u00e9l\u00e9phone, courrier, e-mail et\/ou formulaires web<\/h3><\/div><\/summary><p class=\"cmplz-subtitle\">Les cat\u00e9gories de donn\u00e9es suivantes sont collect\u00e9es<\/p><p><ul><li>Un pr\u00e9nom et un nom de famille<\/li><li>Une adresse e-mail<\/li><\/ul><\/p><p class=\"cmplz-subtitle\">Dur\u00e9e de conservation<\/p><p>Nous conservons ces donn\u00e9es jusqu\u2019\u00e0 la fin du service.<\/p><\/details><details class=\"cmplz-dropdown dropdown-privacy-statement\"><summary><div><h3>1.2 Vendre ou partager les donn\u00e9es avec une tierce partie<\/h3><\/div><\/summary><p class=\"cmplz-subtitle\">Les cat\u00e9gories de donn\u00e9es suivantes sont collect\u00e9es<\/p><p><ul><li>Informations sur l\u2019activit\u00e9 internet, y compris, mais sans s\u2019y limiter, l\u2019historique de navigation, l\u2019historique de recherche et les informations concernant l\u2019interaction d\u2019un consommateur avec un site web, une application ou une publicit\u00e9 internet<\/li><li>Adresse IP<\/li><\/ul><\/p><p class=\"cmplz-subtitle\">Dur\u00e9e de conservation<\/p><p>\u00c0 la fin du service, nous conservons ces donn\u00e9es pendant la p\u00e9riode de temps suivante\u00a0: 14 months.<\/p><\/details><h2>2. Sharing with other parties<\/h2><p>We only share or disclose this data to other recipients for the following purposes:<\/p><p><b>Purpose of the data transfer:<\/b>&nbsp;Website statistics, to improve this website<br \/>\n             <b>Country or state in which this service provider is located:<\/b>&nbsp;US<br \/><\/p><h2>3. Disclosure practices<\/h2><p><p>Nous divulguons des informations personnelles si nous y sommes tenus par la loi ou par une ordonnance du tribunal, en r\u00e9ponse \u00e0 un organisme d\u2019application de la loi, dans la mesure permise par d\u2019autres dispositions de la loi, pour fournir des informations, ou pour une enqu\u00eate sur une question li\u00e9e \u00e0 la s\u00e9curit\u00e9 publique.<\/p><p>Si notre site web ou notre organisation est repris, vendu ou impliqu\u00e9 dans une fusion ou une acquisition, vos donn\u00e9es peuvent \u00eatre divulgu\u00e9es \u00e0 nos conseillers et \u00e0 tout acheteur potentiel et seront transmises aux nouveaux propri\u00e9taires.<\/p><\/p><h2>4. How we respond to Do Not Track signals &amp; Global Privacy Control <\/h2><p>Our website responds to and supports the Do Not Track (DNT) header request field. If you turn DNT on in your browser, those preferences are communicated to us in the HTTP request header, and we will not track your browsing behavior.<\/p><h2>5. Cookies<\/h2><p>Our website uses cookies. For more information about cookies, please refer to our Cookie Policy on our <a href=\"https:\/\/www.showeet.com\/fr\/cookie-policy-us\/\">Politique en mati\u00e8re de cookies (\u00c9tats-Unis)<\/a> webpage.&nbsp;<\/p><p>We have concluded a data processing agreement with Google.<\/p><p>Google may not use the data for any other Google services.<\/p><p>The inclusion of full IP addresses is blocked by us.<\/p><h2>6. Security<\/h2><p>We are committed to the security of personal data. We take appropriate security measures to limit abuse of and unauthorized access to personal data. This ensures that only the necessary persons have access to your data, that access to the data is protected, and that our security measures are regularly reviewed.<\/p><h2>7. Third-party websites<\/h2><p>This privacy statement does not apply to third-party websites connected by links on our website. We cannot guarantee that these third parties handle your personal data in a reliable or secure manner. We recommend you read the privacy statements of these websites prior to making use of these websites.<\/p><h2>8. Amendments to this privacy statement<\/h2><p>We reserve the right to make amendments to this privacy statement. It is recommended that you consult this privacy statement regularly in order to be aware of any changes. In addition, we will actively inform you wherever possible.<\/p><h2>9. Accessing and modifying your data<\/h2><p>If you have any questions or want to know which personal data we have about you, please contact us. Please make sure to always clearly state who you are, so that we can be certain that we do not modify or delete any data of the wrong person. We shall provide the requested information only upon receipt of a verifiable consumer request. You can contact us by using the information below. You have the following rights:<\/p><p class=\"cmplz-subtitle\">9.1 You have the following rights with respect to your personal data<\/p><ol class=\"alphabetic\">\n                        <li>You may submit a request for access to the data we process about you.<\/li>\n                        <li>You may object to the processing.<\/li>\n                        <li>You may request an overview, in a commonly used format, of the data we process about you.<\/li>\n                        <li>You may request correction or deletion of the data if it is incorrect or not or no longer relevant, or to ask to restrict the processing of the data.<\/li>\n                        <li>You may appeal our decision whenever we refuse to take action on a request and submit a complaint with the competent authority if your appeal is denied.<\/li>\n                      <\/ol><p class=\"cmplz-subtitle\">9.2 Supplements<\/p><p>This section, which supplements the rest of this Privacy Statement, applies to citizens and legal permanent residents of Californie (CPRA)<\/p><details class=\"cmplz-dropdown dropdown-privacy-statement\"><summary><div><h3>California<\/h3><\/div><\/summary>\n      <h4>Right to know what personal information is being collected about you<\/h4>\n      <p>A consumer shall have the right to request that a business that collects personal information about the consumer disclose to the consumer the following:<\/p>\n      <ol class=\"alphabetic\">\n      <li>The categories of personal information it has collected about that consumer.<\/li>\n      <li>The categories of sources from which the personal information is collected.<\/li>\n      <li>The business or commercial purpose for collecting or selling personal information.<\/li>\n      <li>The categories of third parties with whom the business shares personal information.<\/li>\n      <li>The specific pieces of personal information it has collected about that consumer.<\/li>\n      <\/ol>\n      <br \/>\n\n      <h4>The right to know whether personal information is sold or disclosed and to whom<\/h4>\n      <p>A consumer shall have the right to request that a business that sells the consumer\u2019s personal information, or that discloses it for a business purpose, disclose to that consumer:<\/p>\n      <ol class=\"alphabetic\">\n      <li>The categories of personal information that the business collected about the consumer.<\/li>\n      <li>The categories of personal information that the business sold about the consumer and the categories of third parties to whom the personal information was sold, by category or categories of personal information for each third party to whom the personal information was sold.<\/li>\n      <li>The categories of personal information that the business disclosed about the consumer for a business purpose.<\/li>\n      <\/ol>\n      <br \/>\n      <h4>The Right to equal service and price, even if you exercise your privacy rights<\/h4>\n      <br \/>\n      <p>A consumer shall have the right to request that a business delete any personal information about the consumer which the business has collected from the consumer.<\/p>\n      <br \/>\n      <p>A business that receives a verifiable request from a consumer to delete the consumer\u2019s personal information pursuant to subdivision (a) of this section shall delete the consumer\u2019s personal information from its records and direct any service providers to delete the consumer\u2019s personal information from their records.<\/p>\n      <br \/>\n      <p>A business or a service provider shall not be required to comply with a consumer\u2019s request to delete the consumer\u2019s personal information if it is necessary for the business or service provider to maintain the consumer\u2019s personal information in order to:<\/p>\n      <ol class=\"alphabetic\">\n      <li>Complete the transaction for which the personal information was collected, provide a good or service requested by the consumer, or reasonably anticipated within the context of a business\u2019s ongoing business relationship with the consumer, or otherwise perform a contract between the business and the consumer.<\/li>\n      <li>Detect security incidents, protect against malicious, deceptive, fraudulent, or illegal activity; or prosecute those responsible for that activity.<\/li>\n      <li>Debug to identify and repair errors that impair existing intended functionality.<\/li>\n      <li>Exercise free speech, ensure the right of another consumer to exercise his or her right of free speech, or exercise another right provided for by law.<\/li>\n      <li>Comply with the California Electronic Communications Privacy Act pursuant to Chapter 3.6 (commencing with Section 1546) of Title 12 of Part 2 of the Penal Code.<\/li>\n      <li>Engage in public or peer-reviewed scientific, historical, or statistical research in the public interest that adheres to all other applicable ethics and privacy laws, when the businesses\u2019 deletion of the information is likely to render impossible or seriously impair the achievement of such research, if the consumer has provided informed consent.<\/li>\n      <li>Exercise free speech, ensure the right of another consumer to exercise his or her right of free speech, or exercise another right provided for by law.<\/li>\n      <li>To enable solely internal uses that are reasonably aligned with the expectations of the consumer based on the consumer\u2019s relationship with the business.<\/li>\n      <li>Comply with a legal obligation.<\/li>\n      <li>Otherwise use the consumer\u2019s personal information, internally, in a lawful manner that is compatible with the context in which the consumer provided the information.<\/li>\n      <\/ol>\n\n      <h4>Right to opt-out<\/h4>\n      <p>You may submit a request directing us not to make certain disclosures of personal information we maintain about you. For more information about the possibility of submitting an opt-out request, please refer to our Opt-out preferences page.<\/p>\n      <h4>Financial incentives<\/h4><p><h4>Selling of personal data to third parties<\/h4>\n  \t\t<p>We have not sold consumers\u2019 personal data in the preceding 12 months<\/p><\/p><p><ul><li>Informations sur l\u2019activit\u00e9 internet, y compris, mais sans s\u2019y limiter, l\u2019historique de navigation, l\u2019historique de recherche et les informations concernant l\u2019interaction d\u2019un consommateur avec un site web, une application ou une publicit\u00e9 internet<\/li><\/ul><\/p><p>We have not disclosed consumers\u2019 personal information for a business purpose in the preceding 12 months.<\/p><p><ul><li>Informations sur l\u2019activit\u00e9 internet, y compris, mais sans s\u2019y limiter, l\u2019historique de navigation, l\u2019historique de recherche et les informations concernant l\u2019interaction d\u2019un consommateur avec un site web, une application ou une publicit\u00e9 internet<\/li><\/ul><\/p><\/details><h2>10. Children<\/h2><p>Our website is not designed to attract children and it is not our intent to collect personal data from children under the age of consent in their country of residence. We therefore request that children under the age of consent do not submit any personal data to us.<\/p><h2>11. Contact details<\/h2><p>Christophe Barroche, dba Ofeex<br \/>\n        3903 Glenoak Dr<br \/>\nPearland TX, 77581 - USA<br \/>\n        \u00c9tats-Unis<br \/>\n        Website: <a href=\"https:\/\/www.showeet.com\/fr\/\">https:\/\/www.showeet.com\/fr\/<\/a> <br \/>\n        Email: <span class=\"cmplz-obfuscate\">&#099;&#104;ri&#115;&#116;o&#112;h&#101;@<span class=\"cmplz-fmail-domain\">&#101;&#120;&#046;&#099;om<\/span>&#111;&#102;&#101;ex.co&#109;<\/span> <br \/>\n        <br \/>\n        <\/p><\/div>\n","protected":false},"excerpt":{"rendered":"","protected":false},"author":1,"featured_media":0,"parent":0,"menu_order":0,"comment_status":"closed","ping_status":"closed","template":"","meta":{"_crdt_document":"","ngg_post_thumbnail":0,"footnotes":""},"class_list":["post-27459","page","type-page","status-publish"],"yoast_head":"<!-- This site is optimized with the Yoast SEO plugin v26.8 - https:\/\/yoast.com\/product\/yoast-seo-wordpress\/ -->\n<title>Politique de confidentialit\u00e9 (\u00c9tats-Unis) - Showeet<\/title>\n<meta name=\"robots\" content=\"noindex, nofollow\" \/>\n<meta property=\"og:locale\" content=\"fr_FR\" \/>\n<meta property=\"og:type\" content=\"article\" \/>\n<meta property=\"og:title\" content=\"Politique de confidentialit\u00e9 (\u00c9tats-Unis) - Showeet\" \/>\n<meta property=\"og:url\" content=\"https:\/\/www.showeet.com\/fr\/privacy-statement-us\/\" \/>\n<meta property=\"og:site_name\" content=\"Showeet\" \/>\n<meta property=\"article:publisher\" content=\"https:\/\/www.facebook.com\/showeetcom\" \/>\n<meta property=\"article:modified_time\" content=\"2022-04-09T04:01:06+00:00\" \/>\n<meta name=\"twitter:card\" content=\"summary_large_image\" \/>\n<meta name=\"twitter:site\" content=\"@showeet\" \/>\n<script type=\"application\/ld+json\" class=\"yoast-schema-graph\">{\"@context\":\"https:\/\/schema.org\",\"@graph\":[{\"@type\":\"WebPage\",\"@id\":\"https:\/\/www.showeet.com\/fr\/privacy-statement-us\/\",\"url\":\"https:\/\/www.showeet.com\/fr\/privacy-statement-us\/\",\"name\":\"Politique de confidentialit\u00e9 (\u00c9tats-Unis) - Showeet\",\"isPartOf\":{\"@id\":\"https:\/\/www.showeet.com\/fr\/#website\"},\"datePublished\":\"2022-04-08T03:38:05+00:00\",\"dateModified\":\"2022-04-09T04:01:06+00:00\",\"breadcrumb\":{\"@id\":\"https:\/\/www.showeet.com\/fr\/privacy-statement-us\/#breadcrumb\"},\"inLanguage\":\"fr-FR\",\"potentialAction\":[{\"@type\":\"ReadAction\",\"target\":[\"https:\/\/www.showeet.com\/fr\/privacy-statement-us\/\"]}]},{\"@type\":\"BreadcrumbList\",\"@id\":\"https:\/\/www.showeet.com\/fr\/privacy-statement-us\/#breadcrumb\",\"itemListElement\":[{\"@type\":\"ListItem\",\"position\":1,\"name\":\"Home\",\"item\":\"https:\/\/www.showeet.com\/fr\/\"},{\"@type\":\"ListItem\",\"position\":2,\"name\":\"Politique de confidentialit\u00e9 (\u00c9tats-Unis)\"}]},{\"@type\":\"WebSite\",\"@id\":\"https:\/\/www.showeet.com\/fr\/#website\",\"url\":\"https:\/\/www.showeet.com\/fr\/\",\"name\":\"Showeet\",\"description\":\"Mod\u00e8les PowerPoint Gratuits et Cr\u00e9atifs\",\"publisher\":{\"@id\":\"https:\/\/www.showeet.com\/fr\/#organization\"},\"potentialAction\":[{\"@type\":\"SearchAction\",\"target\":{\"@type\":\"EntryPoint\",\"urlTemplate\":\"https:\/\/www.showeet.com\/fr\/?s={search_term_string}\"},\"query-input\":{\"@type\":\"PropertyValueSpecification\",\"valueRequired\":true,\"valueName\":\"search_term_string\"}}],\"inLanguage\":\"fr-FR\"},{\"@type\":\"Organization\",\"@id\":\"https:\/\/www.showeet.com\/fr\/#organization\",\"name\":\"Showeet\",\"url\":\"https:\/\/www.showeet.com\/fr\/\",\"logo\":{\"@type\":\"ImageObject\",\"inLanguage\":\"fr-FR\",\"@id\":\"https:\/\/www.showeet.com\/fr\/#\/schema\/logo\/image\/\",\"url\":\"https:\/\/www.showeet.com\/wp-content\/uploads\/showeet-logo.png\",\"contentUrl\":\"https:\/\/www.showeet.com\/wp-content\/uploads\/showeet-logo.png\",\"width\":160,\"height\":40,\"caption\":\"Showeet\"},\"image\":{\"@id\":\"https:\/\/www.showeet.com\/fr\/#\/schema\/logo\/image\/\"},\"sameAs\":[\"https:\/\/www.facebook.com\/showeetcom\",\"https:\/\/x.com\/showeet\",\"https:\/\/www.pinterest.com\/showeet\/\"]}]}<\/script>\n<!-- \/ Yoast SEO plugin. -->","yoast_head_json":{"title":"Politique de confidentialit\u00e9 (\u00c9tats-Unis) - Showeet","robots":{"index":"noindex","follow":"nofollow"},"og_locale":"fr_FR","og_type":"article","og_title":"Politique de confidentialit\u00e9 (\u00c9tats-Unis) - Showeet","og_url":"https:\/\/www.showeet.com\/fr\/privacy-statement-us\/","og_site_name":"Showeet","article_publisher":"https:\/\/www.facebook.com\/showeetcom","article_modified_time":"2022-04-09T04:01:06+00:00","twitter_card":"summary_large_image","twitter_site":"@showeet","schema":{"@context":"https:\/\/schema.org","@graph":[{"@type":"WebPage","@id":"https:\/\/www.showeet.com\/fr\/privacy-statement-us\/","url":"https:\/\/www.showeet.com\/fr\/privacy-statement-us\/","name":"Politique de confidentialit\u00e9 (\u00c9tats-Unis) - Showeet","isPartOf":{"@id":"https:\/\/www.showeet.com\/fr\/#website"},"datePublished":"2022-04-08T03:38:05+00:00","dateModified":"2022-04-09T04:01:06+00:00","breadcrumb":{"@id":"https:\/\/www.showeet.com\/fr\/privacy-statement-us\/#breadcrumb"},"inLanguage":"fr-FR","potentialAction":[{"@type":"ReadAction","target":["https:\/\/www.showeet.com\/fr\/privacy-statement-us\/"]}]},{"@type":"BreadcrumbList","@id":"https:\/\/www.showeet.com\/fr\/privacy-statement-us\/#breadcrumb","itemListElement":[{"@type":"ListItem","position":1,"name":"Home","item":"https:\/\/www.showeet.com\/fr\/"},{"@type":"ListItem","position":2,"name":"Politique de confidentialit\u00e9 (\u00c9tats-Unis)"}]},{"@type":"WebSite","@id":"https:\/\/www.showeet.com\/fr\/#website","url":"https:\/\/www.showeet.com\/fr\/","name":"Showeet","description":"Mod\u00e8les PowerPoint Gratuits et Cr\u00e9atifs","publisher":{"@id":"https:\/\/www.showeet.com\/fr\/#organization"},"potentialAction":[{"@type":"SearchAction","target":{"@type":"EntryPoint","urlTemplate":"https:\/\/www.showeet.com\/fr\/?s={search_term_string}"},"query-input":{"@type":"PropertyValueSpecification","valueRequired":true,"valueName":"search_term_string"}}],"inLanguage":"fr-FR"},{"@type":"Organization","@id":"https:\/\/www.showeet.com\/fr\/#organization","name":"Showeet","url":"https:\/\/www.showeet.com\/fr\/","logo":{"@type":"ImageObject","inLanguage":"fr-FR","@id":"https:\/\/www.showeet.com\/fr\/#\/schema\/logo\/image\/","url":"https:\/\/www.showeet.com\/wp-content\/uploads\/showeet-logo.png","contentUrl":"https:\/\/www.showeet.com\/wp-content\/uploads\/showeet-logo.png","width":160,"height":40,"caption":"Showeet"},"image":{"@id":"https:\/\/www.showeet.com\/fr\/#\/schema\/logo\/image\/"},"sameAs":["https:\/\/www.facebook.com\/showeetcom","https:\/\/x.com\/showeet","https:\/\/www.pinterest.com\/showeet\/"]}]}},"_links":{"self":[{"href":"https:\/\/www.showeet.com\/fr\/wp-json\/wp\/v2\/pages\/27459","targetHints":{"allow":["GET"]}}],"collection":[{"href":"https:\/\/www.showeet.com\/fr\/wp-json\/wp\/v2\/pages"}],"about":[{"href":"https:\/\/www.showeet.com\/fr\/wp-json\/wp\/v2\/types\/page"}],"author":[{"embeddable":true,"href":"https:\/\/www.showeet.com\/fr\/wp-json\/wp\/v2\/users\/1"}],"replies":[{"embeddable":true,"href":"https:\/\/www.showeet.com\/fr\/wp-json\/wp\/v2\/comments?post=27459"}],"version-history":[{"count":2,"href":"https:\/\/www.showeet.com\/fr\/wp-json\/wp\/v2\/pages\/27459\/revisions"}],"predecessor-version":[{"id":27471,"href":"https:\/\/www.showeet.com\/fr\/wp-json\/wp\/v2\/pages\/27459\/revisions\/27471"}],"wp:attachment":[{"href":"https:\/\/www.showeet.com\/fr\/wp-json\/wp\/v2\/media?parent=27459"}],"curies":[{"name":"wp","href":"https:\/\/api.w.org\/{rel}","templated":true}]}}