{"id":16345,"date":"2018-03-27T22:24:41","date_gmt":"2018-03-28T03:24:41","guid":{"rendered":"http:\/\/showeet-new.flywheelsites.com\/?page_id=16345"},"modified":"2018-03-27T22:24:41","modified_gmt":"2018-03-28T03:24:41","slug":"dmca","status":"publish","type":"page","link":"https:\/\/www.showeet.com\/fr\/dmca\/","title":{"rendered":"Politique de protection des droits d\u2019auteur selon la Loi du mill\u00e9naire sur le droit d\u2019auteur num\u00e9rique (Digital Millennium Copyright Act ou DMCA)"},"content":{"rendered":"<p>Nous traitons les infractions aux droits d&rsquo;auteur avec le plus grand s\u00e9rieux et prendrons des mesures lorsque des violations de droits d&rsquo;auteur pr\u00e9sum\u00e9es nous seront clairement rapport\u00e9es, conform\u00e9ment au DMCA.<\/p>\n<p>Si vous \u00eates le d\u00e9tenteur des droits d&rsquo;auteur du contenu qui appara\u00eet sur le site <strong><a href=\"https:\/\/www.showeet.com\/fr\/\">Showeet.com<\/a><\/strong>, ou si vous avez l&rsquo;autorisation d&rsquo;agir au nom de ce dernier et que vous ne souhaitez pas que nous continuions \u00e0 utiliser ledit contenu, ou si vous voulez que nous supprimions un fichier sp\u00e9cifique sur lequel vous avez toute autorit\u00e9, vous devez nous en aviser par \u00e9crit afin que nous identifiions le contenu suppos\u00e9ment en infraction et que nous prenions les mesures qui s&rsquo;imposent apr\u00e8s enqu\u00eate, comme la suppression ou la modification dudit contenu.<\/p>\n<p>Nous ne pourrons prendre aucune mesure si vous ne nous indiquez pas les informations suivantes. Veuillez donc nous envoyer par e-mail les renseignements demand\u00e9s ci-dessous avec le plus de pr\u00e9cision possible. Vous pouvez envoyer par e-mail ou courrier un avis \u00e9crit \u00e0 notre agent du DMCA comme indiqu\u00e9 ci-dessous.<\/p>\n<p><strong>Votre avis \u00e9crit doit inclure ce qui suit :<\/strong><\/p>\n<ul>\n<li>Votre signature \u00e9lectronique ou physique.<\/li>\n<li>L&rsquo;identification de l&rsquo;\u0153uvre prot\u00e9g\u00e9e qui aurait \u00e9t\u00e9 viol\u00e9e ou, si plusieurs \u0153uvres prot\u00e9g\u00e9es sur un m\u00eame site en ligne sont couvertes par une m\u00eame notification, une liste repr\u00e9sentative desdites \u0153uvres sur le site en question.<\/li>\n<li>L&rsquo;identification des \u00e9l\u00e9ments suppos\u00e9s violer des droits d&rsquo;auteur ou suppos\u00e9s \u00eatre sujets d&rsquo;une violation et qui doivent \u00eatre supprim\u00e9s ou dont l&rsquo;acc\u00e8s doit \u00eatre d\u00e9sactiv\u00e9, et les informations raisonnablement suffisantes pour nous permettre de localiser ces \u00e9l\u00e9ments. Veuillez inclure le ou les URL sp\u00e9cifiques des pages Internet o\u00f9 se trouvent les \u00e9l\u00e9ments suppos\u00e9s violer les droits d&rsquo;auteur. Veuillez en outre d\u00e9crire tout fichier et \/ ou texte que vous jugez en infraction et dites-nous quelle action vous souhaitez voir \u00eatre prise (par exemple, si vous voulez que nous supprimions tout ou partie des \u00e9l\u00e9ments en question, que nous les modifiions, etc.).<\/li>\n<li>Des informations raisonnablement suffisantes pour nous permettre de vous contacter, comme votre nom, votre adresse, votre num\u00e9ro de t\u00e9l\u00e9phone et votre adresse e-mail.<\/li>\n<li>Une d\u00e9claration selon laquelle vous croyez en toute bonne foi que l&rsquo;utilisation des documents, de la fa\u00e7on d\u00e9nonc\u00e9e, n&rsquo;est pas autoris\u00e9e par le d\u00e9tenteur des droits, par son agent ou par la loi.<\/li>\n<li>Une d\u00e9claration selon laquelle les informations contenues dans la notification sont exactes et que, sous peine de parjure, vous avez l&rsquo;autorisation d&rsquo;agir au nom du d\u00e9tenteur d&rsquo;un droit exclusif pr\u00e9tendument viol\u00e9.<\/li>\n<\/ul>\n<p>Un avis \u00e9crit doit \u00eatre envoy\u00e9 par email a l\u2019adresse suivante :<\/p>\n<p>christophe[@]ofeex.com<\/p>\n","protected":false},"excerpt":{"rendered":"<p>Nous traitons les infractions aux droits d&rsquo;auteur avec le plus grand s\u00e9rieux et prendrons des mesures lorsque des violations de<\/p>\n","protected":false},"author":1,"featured_media":0,"parent":0,"menu_order":0,"comment_status":"closed","ping_status":"closed","template":"","meta":{"_crdt_document":"","ngg_post_thumbnail":0,"footnotes":""},"class_list":["post-16345","page","type-page","status-publish"],"yoast_head":"<!-- This site is optimized with the Yoast SEO plugin v26.8 - https:\/\/yoast.com\/product\/yoast-seo-wordpress\/ -->\n<title>Politique de protection des droits d\u2019auteur selon la Loi du mill\u00e9naire sur le droit d\u2019auteur num\u00e9rique (Digital Millennium Copyright Act ou DMCA)<\/title>\n<meta name=\"description\" content=\"Nous traitons les infractions aux droits d&#039;auteur avec le plus grand s\u00e9rieux et prendrons des mesures lorsque des violations de droits d&#039;auteur pr\u00e9sum\u00e9es\" \/>\n<meta name=\"robots\" content=\"index, follow, max-snippet:-1, max-image-preview:large, max-video-preview:-1\" \/>\n<link rel=\"canonical\" href=\"https:\/\/www.showeet.com\/fr\/dmca\/\" \/>\n<meta property=\"og:locale\" content=\"fr_FR\" \/>\n<meta property=\"og:type\" content=\"article\" \/>\n<meta property=\"og:title\" content=\"Politique de protection des droits d\u2019auteur selon la Loi du mill\u00e9naire sur le droit d\u2019auteur num\u00e9rique (Digital Millennium Copyright Act ou DMCA)\" \/>\n<meta property=\"og:description\" content=\"Nous traitons les infractions aux droits d&#039;auteur avec le plus grand s\u00e9rieux et prendrons des mesures lorsque des violations de droits d&#039;auteur pr\u00e9sum\u00e9es\" \/>\n<meta property=\"og:url\" content=\"https:\/\/www.showeet.com\/fr\/dmca\/\" \/>\n<meta property=\"og:site_name\" content=\"Showeet\" \/>\n<meta property=\"article:publisher\" content=\"https:\/\/www.facebook.com\/showeetcom\" \/>\n<meta name=\"twitter:card\" content=\"summary_large_image\" \/>\n<meta name=\"twitter:site\" content=\"@showeet\" \/>\n<meta name=\"twitter:label1\" content=\"Dur\u00e9e de lecture estim\u00e9e\" \/>\n\t<meta name=\"twitter:data1\" content=\"2 minutes\" \/>\n<script type=\"application\/ld+json\" class=\"yoast-schema-graph\">{\"@context\":\"https:\/\/schema.org\",\"@graph\":[{\"@type\":\"WebPage\",\"@id\":\"https:\/\/www.showeet.com\/fr\/dmca\/\",\"url\":\"https:\/\/www.showeet.com\/fr\/dmca\/\",\"name\":\"Politique de protection des droits d\u2019auteur selon la Loi du mill\u00e9naire sur le droit d\u2019auteur num\u00e9rique (Digital Millennium Copyright Act ou DMCA)\",\"isPartOf\":{\"@id\":\"https:\/\/www.showeet.com\/fr\/#website\"},\"datePublished\":\"2018-03-28T03:24:41+00:00\",\"description\":\"Nous traitons les infractions aux droits d'auteur avec le plus grand s\u00e9rieux et prendrons des mesures lorsque des violations de droits d'auteur pr\u00e9sum\u00e9es\",\"breadcrumb\":{\"@id\":\"https:\/\/www.showeet.com\/fr\/dmca\/#breadcrumb\"},\"inLanguage\":\"fr-FR\",\"potentialAction\":[{\"@type\":\"ReadAction\",\"target\":[\"https:\/\/www.showeet.com\/fr\/dmca\/\"]}]},{\"@type\":\"BreadcrumbList\",\"@id\":\"https:\/\/www.showeet.com\/fr\/dmca\/#breadcrumb\",\"itemListElement\":[{\"@type\":\"ListItem\",\"position\":1,\"name\":\"Home\",\"item\":\"https:\/\/www.showeet.com\/fr\/\"},{\"@type\":\"ListItem\",\"position\":2,\"name\":\"Politique de protection des droits d\u2019auteur selon la Loi du mill\u00e9naire sur le droit d\u2019auteur num\u00e9rique (Digital Millennium Copyright Act ou DMCA)\"}]},{\"@type\":\"WebSite\",\"@id\":\"https:\/\/www.showeet.com\/fr\/#website\",\"url\":\"https:\/\/www.showeet.com\/fr\/\",\"name\":\"Showeet\",\"description\":\"Mod\u00e8les PowerPoint Gratuits et Cr\u00e9atifs\",\"publisher\":{\"@id\":\"https:\/\/www.showeet.com\/fr\/#organization\"},\"potentialAction\":[{\"@type\":\"SearchAction\",\"target\":{\"@type\":\"EntryPoint\",\"urlTemplate\":\"https:\/\/www.showeet.com\/fr\/?s={search_term_string}\"},\"query-input\":{\"@type\":\"PropertyValueSpecification\",\"valueRequired\":true,\"valueName\":\"search_term_string\"}}],\"inLanguage\":\"fr-FR\"},{\"@type\":\"Organization\",\"@id\":\"https:\/\/www.showeet.com\/fr\/#organization\",\"name\":\"Showeet\",\"url\":\"https:\/\/www.showeet.com\/fr\/\",\"logo\":{\"@type\":\"ImageObject\",\"inLanguage\":\"fr-FR\",\"@id\":\"https:\/\/www.showeet.com\/fr\/#\/schema\/logo\/image\/\",\"url\":\"https:\/\/www.showeet.com\/wp-content\/uploads\/showeet-logo.png\",\"contentUrl\":\"https:\/\/www.showeet.com\/wp-content\/uploads\/showeet-logo.png\",\"width\":160,\"height\":40,\"caption\":\"Showeet\"},\"image\":{\"@id\":\"https:\/\/www.showeet.com\/fr\/#\/schema\/logo\/image\/\"},\"sameAs\":[\"https:\/\/www.facebook.com\/showeetcom\",\"https:\/\/x.com\/showeet\",\"https:\/\/www.pinterest.com\/showeet\/\"]}]}<\/script>\n<!-- \/ Yoast SEO plugin. -->","yoast_head_json":{"title":"Politique de protection des droits d\u2019auteur selon la Loi du mill\u00e9naire sur le droit d\u2019auteur num\u00e9rique (Digital Millennium Copyright Act ou DMCA)","description":"Nous traitons les infractions aux droits d'auteur avec le plus grand s\u00e9rieux et prendrons des mesures lorsque des violations de droits d'auteur pr\u00e9sum\u00e9es","robots":{"index":"index","follow":"follow","max-snippet":"max-snippet:-1","max-image-preview":"max-image-preview:large","max-video-preview":"max-video-preview:-1"},"canonical":"https:\/\/www.showeet.com\/fr\/dmca\/","og_locale":"fr_FR","og_type":"article","og_title":"Politique de protection des droits d\u2019auteur selon la Loi du mill\u00e9naire sur le droit d\u2019auteur num\u00e9rique (Digital Millennium Copyright Act ou DMCA)","og_description":"Nous traitons les infractions aux droits d'auteur avec le plus grand s\u00e9rieux et prendrons des mesures lorsque des violations de droits d'auteur pr\u00e9sum\u00e9es","og_url":"https:\/\/www.showeet.com\/fr\/dmca\/","og_site_name":"Showeet","article_publisher":"https:\/\/www.facebook.com\/showeetcom","twitter_card":"summary_large_image","twitter_site":"@showeet","twitter_misc":{"Dur\u00e9e de lecture estim\u00e9e":"2 minutes"},"schema":{"@context":"https:\/\/schema.org","@graph":[{"@type":"WebPage","@id":"https:\/\/www.showeet.com\/fr\/dmca\/","url":"https:\/\/www.showeet.com\/fr\/dmca\/","name":"Politique de protection des droits d\u2019auteur selon la Loi du mill\u00e9naire sur le droit d\u2019auteur num\u00e9rique (Digital Millennium Copyright Act ou DMCA)","isPartOf":{"@id":"https:\/\/www.showeet.com\/fr\/#website"},"datePublished":"2018-03-28T03:24:41+00:00","description":"Nous traitons les infractions aux droits d'auteur avec le plus grand s\u00e9rieux et prendrons des mesures lorsque des violations de droits d'auteur pr\u00e9sum\u00e9es","breadcrumb":{"@id":"https:\/\/www.showeet.com\/fr\/dmca\/#breadcrumb"},"inLanguage":"fr-FR","potentialAction":[{"@type":"ReadAction","target":["https:\/\/www.showeet.com\/fr\/dmca\/"]}]},{"@type":"BreadcrumbList","@id":"https:\/\/www.showeet.com\/fr\/dmca\/#breadcrumb","itemListElement":[{"@type":"ListItem","position":1,"name":"Home","item":"https:\/\/www.showeet.com\/fr\/"},{"@type":"ListItem","position":2,"name":"Politique de protection des droits d\u2019auteur selon la Loi du mill\u00e9naire sur le droit d\u2019auteur num\u00e9rique (Digital Millennium Copyright Act ou DMCA)"}]},{"@type":"WebSite","@id":"https:\/\/www.showeet.com\/fr\/#website","url":"https:\/\/www.showeet.com\/fr\/","name":"Showeet","description":"Mod\u00e8les PowerPoint Gratuits et Cr\u00e9atifs","publisher":{"@id":"https:\/\/www.showeet.com\/fr\/#organization"},"potentialAction":[{"@type":"SearchAction","target":{"@type":"EntryPoint","urlTemplate":"https:\/\/www.showeet.com\/fr\/?s={search_term_string}"},"query-input":{"@type":"PropertyValueSpecification","valueRequired":true,"valueName":"search_term_string"}}],"inLanguage":"fr-FR"},{"@type":"Organization","@id":"https:\/\/www.showeet.com\/fr\/#organization","name":"Showeet","url":"https:\/\/www.showeet.com\/fr\/","logo":{"@type":"ImageObject","inLanguage":"fr-FR","@id":"https:\/\/www.showeet.com\/fr\/#\/schema\/logo\/image\/","url":"https:\/\/www.showeet.com\/wp-content\/uploads\/showeet-logo.png","contentUrl":"https:\/\/www.showeet.com\/wp-content\/uploads\/showeet-logo.png","width":160,"height":40,"caption":"Showeet"},"image":{"@id":"https:\/\/www.showeet.com\/fr\/#\/schema\/logo\/image\/"},"sameAs":["https:\/\/www.facebook.com\/showeetcom","https:\/\/x.com\/showeet","https:\/\/www.pinterest.com\/showeet\/"]}]}},"_links":{"self":[{"href":"https:\/\/www.showeet.com\/fr\/wp-json\/wp\/v2\/pages\/16345","targetHints":{"allow":["GET"]}}],"collection":[{"href":"https:\/\/www.showeet.com\/fr\/wp-json\/wp\/v2\/pages"}],"about":[{"href":"https:\/\/www.showeet.com\/fr\/wp-json\/wp\/v2\/types\/page"}],"author":[{"embeddable":true,"href":"https:\/\/www.showeet.com\/fr\/wp-json\/wp\/v2\/users\/1"}],"replies":[{"embeddable":true,"href":"https:\/\/www.showeet.com\/fr\/wp-json\/wp\/v2\/comments?post=16345"}],"version-history":[{"count":0,"href":"https:\/\/www.showeet.com\/fr\/wp-json\/wp\/v2\/pages\/16345\/revisions"}],"wp:attachment":[{"href":"https:\/\/www.showeet.com\/fr\/wp-json\/wp\/v2\/media?parent=16345"}],"curies":[{"name":"wp","href":"https:\/\/api.w.org\/{rel}","templated":true}]}}