{"id":11404,"date":"2016-07-24T16:28:16","date_gmt":"2016-07-24T22:28:16","guid":{"rendered":"http:\/\/showeet-new.flywheelsites.com\/fr\/?page_id=11404"},"modified":"2021-07-19T18:35:39","modified_gmt":"2021-07-19T23:35:39","slug":"faq","status":"publish","type":"page","link":"https:\/\/www.showeet.com\/fr\/faq\/","title":{"rendered":"FAQ"},"content":{"rendered":"<p>Vous trouverez ci-dessous les r\u00e9ponses aux <strong>questions les plus souvent pos\u00e9es<\/strong>.<\/p>\n<p>Si vous ne trouvez pas votre r\u00e9ponse, n\u2019h\u00e9sitez pas \u00e0 nous <a href=\"https:\/\/www.showeet.com\/fr\/nous-contacter\/\"><strong>contacter<\/strong><\/a>.<\/p>\n<p>&nbsp;<\/p>\n<h2>Q. Comment puis-je t\u00e9l\u00e9charger les mod\u00e8les?<\/h2>\n<p>R. Pour t\u00e9l\u00e9charger les mod\u00e8les de pr\u00e9sentations, veuillez simplement cliquer sur le lien vert, qui se trouve <strong>en bas<\/strong> de chacun des posts.<\/p>\n<p><img loading=\"lazy\" decoding=\"async\" class=\"alignleft size-full wp-image-11405\" src=\"https:\/\/www.showeet.com\/wp-content\/uploads\/FAQ-CommentTelecharger.png\" alt=\"FAQ - Comment t\u00e9l\u00e9charger les mod\u00e8les de pr\u00e9sentation\" width=\"336\" height=\"245\" srcset=\"https:\/\/www.showeet.com\/wp-content\/uploads\/FAQ-CommentTelecharger.png 336w, https:\/\/www.showeet.com\/wp-content\/uploads\/FAQ-CommentTelecharger-300x219.png 300w\" sizes=\"auto, (max-width: 336px) 100vw, 336px\" \/><\/p>\n<p>&nbsp;<\/p>\n<p>&nbsp;<\/p>\n<p>&nbsp;<\/p>\n<p>&nbsp;<\/p>\n<p>&nbsp;<\/p>\n<p>&nbsp;<\/p>\n<p>&nbsp;<\/p>\n<p>&nbsp;<\/p>\n<h2>Q. Comment puis-je vous soutenir?<\/h2>\n<p>Nous ne demandons pas de dons. Nous publions des mod\u00e8les gratuits et <strong>nous aimons ce que nous faisons<\/strong>.<\/p>\n<p>Mais si vous voulez nous soutenir d&rsquo;une mani\u00e8re ou d&rsquo;une autre, vous pouvez nous acheter un caf\u00e9 (ou plus ;-), cliquez simplement sur le bouton vert ci-dessous :<\/p>\n<p>[Paypal]<\/p>\n<p><strong> Merci beaucoup pour votre aide!<\/strong><\/p>\n","protected":false},"excerpt":{"rendered":"<p>Vous trouverez ci-dessous les r\u00e9ponses aux questions les plus souvent pos\u00e9es. Si vous ne trouvez pas votre r\u00e9ponse, n\u2019h\u00e9sitez pas<\/p>\n","protected":false},"author":1,"featured_media":0,"parent":0,"menu_order":0,"comment_status":"closed","ping_status":"closed","template":"","meta":{"_crdt_document":"","ngg_post_thumbnail":0,"footnotes":""},"class_list":["post-11404","page","type-page","status-publish"],"yoast_head":"<!-- This site is optimized with the Yoast SEO plugin v26.8 - https:\/\/yoast.com\/product\/yoast-seo-wordpress\/ -->\n<title>FAQ - Foire aux Questions<\/title>\n<meta name=\"description\" content=\"FAQ - Foire aux Questions\" \/>\n<meta name=\"robots\" content=\"index, follow, max-snippet:-1, max-image-preview:large, max-video-preview:-1\" \/>\n<link rel=\"canonical\" href=\"https:\/\/www.showeet.com\/fr\/faq\/\" \/>\n<meta property=\"og:locale\" content=\"fr_FR\" \/>\n<meta property=\"og:type\" content=\"article\" \/>\n<meta property=\"og:title\" content=\"FAQ - Foire aux Questions\" \/>\n<meta property=\"og:description\" content=\"FAQ - Foire aux Questions\" \/>\n<meta property=\"og:url\" content=\"https:\/\/www.showeet.com\/fr\/faq\/\" \/>\n<meta property=\"og:site_name\" content=\"Showeet\" \/>\n<meta property=\"article:publisher\" content=\"https:\/\/www.facebook.com\/showeetcom\" \/>\n<meta property=\"article:modified_time\" content=\"2021-07-19T23:35:39+00:00\" \/>\n<meta property=\"og:image\" content=\"https:\/\/www.showeet.com\/wp-content\/uploads\/FAQ-CommentTelecharger.png\" \/>\n<meta name=\"twitter:card\" content=\"summary_large_image\" \/>\n<meta name=\"twitter:site\" content=\"@showeet\" \/>\n<meta name=\"twitter:label1\" content=\"Dur\u00e9e de lecture estim\u00e9e\" \/>\n\t<meta name=\"twitter:data1\" content=\"1 minute\" \/>\n<script type=\"application\/ld+json\" class=\"yoast-schema-graph\">{\"@context\":\"https:\/\/schema.org\",\"@graph\":[{\"@type\":\"WebPage\",\"@id\":\"https:\/\/www.showeet.com\/fr\/faq\/\",\"url\":\"https:\/\/www.showeet.com\/fr\/faq\/\",\"name\":\"FAQ - Foire aux Questions\",\"isPartOf\":{\"@id\":\"https:\/\/www.showeet.com\/fr\/#website\"},\"primaryImageOfPage\":{\"@id\":\"https:\/\/www.showeet.com\/fr\/faq\/#primaryimage\"},\"image\":{\"@id\":\"https:\/\/www.showeet.com\/fr\/faq\/#primaryimage\"},\"thumbnailUrl\":\"https:\/\/www.showeet.com\/wp-content\/uploads\/FAQ-CommentTelecharger.png\",\"datePublished\":\"2016-07-24T22:28:16+00:00\",\"dateModified\":\"2021-07-19T23:35:39+00:00\",\"description\":\"FAQ - Foire aux Questions\",\"breadcrumb\":{\"@id\":\"https:\/\/www.showeet.com\/fr\/faq\/#breadcrumb\"},\"inLanguage\":\"fr-FR\",\"potentialAction\":[{\"@type\":\"ReadAction\",\"target\":[\"https:\/\/www.showeet.com\/fr\/faq\/\"]}]},{\"@type\":\"ImageObject\",\"inLanguage\":\"fr-FR\",\"@id\":\"https:\/\/www.showeet.com\/fr\/faq\/#primaryimage\",\"url\":\"https:\/\/www.showeet.com\/wp-content\/uploads\/FAQ-CommentTelecharger.png\",\"contentUrl\":\"https:\/\/www.showeet.com\/wp-content\/uploads\/FAQ-CommentTelecharger.png\"},{\"@type\":\"BreadcrumbList\",\"@id\":\"https:\/\/www.showeet.com\/fr\/faq\/#breadcrumb\",\"itemListElement\":[{\"@type\":\"ListItem\",\"position\":1,\"name\":\"Home\",\"item\":\"https:\/\/www.showeet.com\/fr\/\"},{\"@type\":\"ListItem\",\"position\":2,\"name\":\"FAQ\"}]},{\"@type\":\"WebSite\",\"@id\":\"https:\/\/www.showeet.com\/fr\/#website\",\"url\":\"https:\/\/www.showeet.com\/fr\/\",\"name\":\"Showeet\",\"description\":\"Mod\u00e8les PowerPoint Gratuits et Cr\u00e9atifs\",\"publisher\":{\"@id\":\"https:\/\/www.showeet.com\/fr\/#organization\"},\"potentialAction\":[{\"@type\":\"SearchAction\",\"target\":{\"@type\":\"EntryPoint\",\"urlTemplate\":\"https:\/\/www.showeet.com\/fr\/?s={search_term_string}\"},\"query-input\":{\"@type\":\"PropertyValueSpecification\",\"valueRequired\":true,\"valueName\":\"search_term_string\"}}],\"inLanguage\":\"fr-FR\"},{\"@type\":\"Organization\",\"@id\":\"https:\/\/www.showeet.com\/fr\/#organization\",\"name\":\"Showeet\",\"url\":\"https:\/\/www.showeet.com\/fr\/\",\"logo\":{\"@type\":\"ImageObject\",\"inLanguage\":\"fr-FR\",\"@id\":\"https:\/\/www.showeet.com\/fr\/#\/schema\/logo\/image\/\",\"url\":\"https:\/\/www.showeet.com\/wp-content\/uploads\/showeet-logo.png\",\"contentUrl\":\"https:\/\/www.showeet.com\/wp-content\/uploads\/showeet-logo.png\",\"width\":160,\"height\":40,\"caption\":\"Showeet\"},\"image\":{\"@id\":\"https:\/\/www.showeet.com\/fr\/#\/schema\/logo\/image\/\"},\"sameAs\":[\"https:\/\/www.facebook.com\/showeetcom\",\"https:\/\/x.com\/showeet\",\"https:\/\/www.pinterest.com\/showeet\/\"]}]}<\/script>\n<!-- \/ Yoast SEO plugin. -->","yoast_head_json":{"title":"FAQ - Foire aux Questions","description":"FAQ - Foire aux Questions","robots":{"index":"index","follow":"follow","max-snippet":"max-snippet:-1","max-image-preview":"max-image-preview:large","max-video-preview":"max-video-preview:-1"},"canonical":"https:\/\/www.showeet.com\/fr\/faq\/","og_locale":"fr_FR","og_type":"article","og_title":"FAQ - Foire aux Questions","og_description":"FAQ - Foire aux Questions","og_url":"https:\/\/www.showeet.com\/fr\/faq\/","og_site_name":"Showeet","article_publisher":"https:\/\/www.facebook.com\/showeetcom","article_modified_time":"2021-07-19T23:35:39+00:00","og_image":[{"url":"https:\/\/www.showeet.com\/wp-content\/uploads\/FAQ-CommentTelecharger.png","type":"","width":"","height":""}],"twitter_card":"summary_large_image","twitter_site":"@showeet","twitter_misc":{"Dur\u00e9e de lecture estim\u00e9e":"1 minute"},"schema":{"@context":"https:\/\/schema.org","@graph":[{"@type":"WebPage","@id":"https:\/\/www.showeet.com\/fr\/faq\/","url":"https:\/\/www.showeet.com\/fr\/faq\/","name":"FAQ - Foire aux Questions","isPartOf":{"@id":"https:\/\/www.showeet.com\/fr\/#website"},"primaryImageOfPage":{"@id":"https:\/\/www.showeet.com\/fr\/faq\/#primaryimage"},"image":{"@id":"https:\/\/www.showeet.com\/fr\/faq\/#primaryimage"},"thumbnailUrl":"https:\/\/www.showeet.com\/wp-content\/uploads\/FAQ-CommentTelecharger.png","datePublished":"2016-07-24T22:28:16+00:00","dateModified":"2021-07-19T23:35:39+00:00","description":"FAQ - Foire aux Questions","breadcrumb":{"@id":"https:\/\/www.showeet.com\/fr\/faq\/#breadcrumb"},"inLanguage":"fr-FR","potentialAction":[{"@type":"ReadAction","target":["https:\/\/www.showeet.com\/fr\/faq\/"]}]},{"@type":"ImageObject","inLanguage":"fr-FR","@id":"https:\/\/www.showeet.com\/fr\/faq\/#primaryimage","url":"https:\/\/www.showeet.com\/wp-content\/uploads\/FAQ-CommentTelecharger.png","contentUrl":"https:\/\/www.showeet.com\/wp-content\/uploads\/FAQ-CommentTelecharger.png"},{"@type":"BreadcrumbList","@id":"https:\/\/www.showeet.com\/fr\/faq\/#breadcrumb","itemListElement":[{"@type":"ListItem","position":1,"name":"Home","item":"https:\/\/www.showeet.com\/fr\/"},{"@type":"ListItem","position":2,"name":"FAQ"}]},{"@type":"WebSite","@id":"https:\/\/www.showeet.com\/fr\/#website","url":"https:\/\/www.showeet.com\/fr\/","name":"Showeet","description":"Mod\u00e8les PowerPoint Gratuits et Cr\u00e9atifs","publisher":{"@id":"https:\/\/www.showeet.com\/fr\/#organization"},"potentialAction":[{"@type":"SearchAction","target":{"@type":"EntryPoint","urlTemplate":"https:\/\/www.showeet.com\/fr\/?s={search_term_string}"},"query-input":{"@type":"PropertyValueSpecification","valueRequired":true,"valueName":"search_term_string"}}],"inLanguage":"fr-FR"},{"@type":"Organization","@id":"https:\/\/www.showeet.com\/fr\/#organization","name":"Showeet","url":"https:\/\/www.showeet.com\/fr\/","logo":{"@type":"ImageObject","inLanguage":"fr-FR","@id":"https:\/\/www.showeet.com\/fr\/#\/schema\/logo\/image\/","url":"https:\/\/www.showeet.com\/wp-content\/uploads\/showeet-logo.png","contentUrl":"https:\/\/www.showeet.com\/wp-content\/uploads\/showeet-logo.png","width":160,"height":40,"caption":"Showeet"},"image":{"@id":"https:\/\/www.showeet.com\/fr\/#\/schema\/logo\/image\/"},"sameAs":["https:\/\/www.facebook.com\/showeetcom","https:\/\/x.com\/showeet","https:\/\/www.pinterest.com\/showeet\/"]}]}},"_links":{"self":[{"href":"https:\/\/www.showeet.com\/fr\/wp-json\/wp\/v2\/pages\/11404","targetHints":{"allow":["GET"]}}],"collection":[{"href":"https:\/\/www.showeet.com\/fr\/wp-json\/wp\/v2\/pages"}],"about":[{"href":"https:\/\/www.showeet.com\/fr\/wp-json\/wp\/v2\/types\/page"}],"author":[{"embeddable":true,"href":"https:\/\/www.showeet.com\/fr\/wp-json\/wp\/v2\/users\/1"}],"replies":[{"embeddable":true,"href":"https:\/\/www.showeet.com\/fr\/wp-json\/wp\/v2\/comments?post=11404"}],"version-history":[{"count":0,"href":"https:\/\/www.showeet.com\/fr\/wp-json\/wp\/v2\/pages\/11404\/revisions"}],"wp:attachment":[{"href":"https:\/\/www.showeet.com\/fr\/wp-json\/wp\/v2\/media?parent=11404"}],"curies":[{"name":"wp","href":"https:\/\/api.w.org\/{rel}","templated":true}]}}