{"id":1128,"date":"2009-11-07T15:52:55","date_gmt":"2009-11-07T14:52:55","guid":{"rendered":"http:\/\/showeet-new.flywheelsites.com\/?page_id=1128"},"modified":"2015-06-05T17:51:40","modified_gmt":"2015-06-05T16:51:40","slug":"qui-sommes-nous","status":"publish","type":"page","link":"https:\/\/www.showeet.com\/fr\/qui-sommes-nous\/","title":{"rendered":"Qui sommes-nous?"},"content":{"rendered":"<p>Le projet <strong>Showeet<\/strong> a commenc\u00e9 en juin 2009. Nous sommes 2 fr\u00e8res:\u00a0<strong>Dj\u00fc <\/strong>(designer) et\u00a0<strong>Z\u00efrk<\/strong> (consultant marketing), et avons d\u00e9cid\u00e9 de combiner nos exp\u00e9riences\/expertises compl\u00e9mentaires dans ce projet.<\/p>\n<p>L&rsquo;objectif ambitieux de\u00a0<strong>Showeet<\/strong> est d&rsquo;offrir du mat\u00e9riel pour pr\u00e9sentations, facilement utilisable, et de qualit\u00e9 professionnelle&#8230;. le tout gratuitement. Qualit\u00e9, cr\u00e9ativit\u00e9 et facilit\u00e9 d&rsquo;utilisation sont nos principales pr\u00e9occupations.<\/p>\n","protected":false},"excerpt":{"rendered":"<p>Le projet Showeet a commenc\u00e9 en juin 2009. Nous sommes 2 fr\u00e8res:\u00a0Dj\u00fc (designer) et\u00a0Z\u00efrk (consultant marketing), et avons d\u00e9cid\u00e9 de<\/p>\n","protected":false},"author":1,"featured_media":0,"parent":0,"menu_order":0,"comment_status":"closed","ping_status":"closed","template":"","meta":{"_crdt_document":"","ngg_post_thumbnail":0,"footnotes":""},"class_list":["post-1128","page","type-page","status-publish"],"yoast_head":"<!-- This site is optimized with the Yoast SEO plugin v26.8 - https:\/\/yoast.com\/product\/yoast-seo-wordpress\/ -->\n<title>Qui sommes-nous?<\/title>\n<meta name=\"description\" content=\"Le projet Showeet a commenc\u00e9 en juin 2009. Nous sommes 2 fr\u00e8res:\u00a0Dj\u00fc (designer) et\u00a0Z\u00efrk (consultant marketing), et avons d\u00e9cid\u00e9 de combiner nos\" \/>\n<meta name=\"robots\" content=\"index, follow, max-snippet:-1, max-image-preview:large, max-video-preview:-1\" \/>\n<link rel=\"canonical\" href=\"https:\/\/www.showeet.com\/fr\/qui-sommes-nous\/\" \/>\n<meta property=\"og:locale\" content=\"fr_FR\" \/>\n<meta property=\"og:type\" content=\"article\" \/>\n<meta property=\"og:title\" content=\"Qui sommes-nous?\" \/>\n<meta property=\"og:description\" content=\"Le projet Showeet a commenc\u00e9 en juin 2009. Nous sommes 2 fr\u00e8res:\u00a0Dj\u00fc (designer) et\u00a0Z\u00efrk (consultant marketing), et avons d\u00e9cid\u00e9 de combiner nos\" \/>\n<meta property=\"og:url\" content=\"https:\/\/www.showeet.com\/fr\/qui-sommes-nous\/\" \/>\n<meta property=\"og:site_name\" content=\"Showeet\" \/>\n<meta property=\"article:publisher\" content=\"https:\/\/www.facebook.com\/showeetcom\" \/>\n<meta property=\"article:modified_time\" content=\"2015-06-05T16:51:40+00:00\" \/>\n<meta name=\"twitter:card\" content=\"summary_large_image\" \/>\n<meta name=\"twitter:site\" content=\"@showeet\" \/>\n<script type=\"application\/ld+json\" class=\"yoast-schema-graph\">{\"@context\":\"https:\/\/schema.org\",\"@graph\":[{\"@type\":\"WebPage\",\"@id\":\"https:\/\/www.showeet.com\/fr\/qui-sommes-nous\/\",\"url\":\"https:\/\/www.showeet.com\/fr\/qui-sommes-nous\/\",\"name\":\"Qui sommes-nous?\",\"isPartOf\":{\"@id\":\"https:\/\/www.showeet.com\/fr\/#website\"},\"datePublished\":\"2009-11-07T14:52:55+00:00\",\"dateModified\":\"2015-06-05T16:51:40+00:00\",\"description\":\"Le projet Showeet a commenc\u00e9 en juin 2009. Nous sommes 2 fr\u00e8res:\u00a0Dj\u00fc (designer) et\u00a0Z\u00efrk (consultant marketing), et avons d\u00e9cid\u00e9 de combiner nos\",\"breadcrumb\":{\"@id\":\"https:\/\/www.showeet.com\/fr\/qui-sommes-nous\/#breadcrumb\"},\"inLanguage\":\"fr-FR\",\"potentialAction\":[{\"@type\":\"ReadAction\",\"target\":[\"https:\/\/www.showeet.com\/fr\/qui-sommes-nous\/\"]}]},{\"@type\":\"BreadcrumbList\",\"@id\":\"https:\/\/www.showeet.com\/fr\/qui-sommes-nous\/#breadcrumb\",\"itemListElement\":[{\"@type\":\"ListItem\",\"position\":1,\"name\":\"Home\",\"item\":\"https:\/\/www.showeet.com\/fr\/\"},{\"@type\":\"ListItem\",\"position\":2,\"name\":\"Qui sommes-nous?\"}]},{\"@type\":\"WebSite\",\"@id\":\"https:\/\/www.showeet.com\/fr\/#website\",\"url\":\"https:\/\/www.showeet.com\/fr\/\",\"name\":\"Showeet\",\"description\":\"Mod\u00e8les PowerPoint Gratuits et Cr\u00e9atifs\",\"publisher\":{\"@id\":\"https:\/\/www.showeet.com\/fr\/#organization\"},\"potentialAction\":[{\"@type\":\"SearchAction\",\"target\":{\"@type\":\"EntryPoint\",\"urlTemplate\":\"https:\/\/www.showeet.com\/fr\/?s={search_term_string}\"},\"query-input\":{\"@type\":\"PropertyValueSpecification\",\"valueRequired\":true,\"valueName\":\"search_term_string\"}}],\"inLanguage\":\"fr-FR\"},{\"@type\":\"Organization\",\"@id\":\"https:\/\/www.showeet.com\/fr\/#organization\",\"name\":\"Showeet\",\"url\":\"https:\/\/www.showeet.com\/fr\/\",\"logo\":{\"@type\":\"ImageObject\",\"inLanguage\":\"fr-FR\",\"@id\":\"https:\/\/www.showeet.com\/fr\/#\/schema\/logo\/image\/\",\"url\":\"https:\/\/www.showeet.com\/wp-content\/uploads\/showeet-logo.png\",\"contentUrl\":\"https:\/\/www.showeet.com\/wp-content\/uploads\/showeet-logo.png\",\"width\":160,\"height\":40,\"caption\":\"Showeet\"},\"image\":{\"@id\":\"https:\/\/www.showeet.com\/fr\/#\/schema\/logo\/image\/\"},\"sameAs\":[\"https:\/\/www.facebook.com\/showeetcom\",\"https:\/\/x.com\/showeet\",\"https:\/\/www.pinterest.com\/showeet\/\"]}]}<\/script>\n<!-- \/ Yoast SEO plugin. -->","yoast_head_json":{"title":"Qui sommes-nous?","description":"Le projet Showeet a commenc\u00e9 en juin 2009. Nous sommes 2 fr\u00e8res:\u00a0Dj\u00fc (designer) et\u00a0Z\u00efrk (consultant marketing), et avons d\u00e9cid\u00e9 de combiner nos","robots":{"index":"index","follow":"follow","max-snippet":"max-snippet:-1","max-image-preview":"max-image-preview:large","max-video-preview":"max-video-preview:-1"},"canonical":"https:\/\/www.showeet.com\/fr\/qui-sommes-nous\/","og_locale":"fr_FR","og_type":"article","og_title":"Qui sommes-nous?","og_description":"Le projet Showeet a commenc\u00e9 en juin 2009. Nous sommes 2 fr\u00e8res:\u00a0Dj\u00fc (designer) et\u00a0Z\u00efrk (consultant marketing), et avons d\u00e9cid\u00e9 de combiner nos","og_url":"https:\/\/www.showeet.com\/fr\/qui-sommes-nous\/","og_site_name":"Showeet","article_publisher":"https:\/\/www.facebook.com\/showeetcom","article_modified_time":"2015-06-05T16:51:40+00:00","twitter_card":"summary_large_image","twitter_site":"@showeet","schema":{"@context":"https:\/\/schema.org","@graph":[{"@type":"WebPage","@id":"https:\/\/www.showeet.com\/fr\/qui-sommes-nous\/","url":"https:\/\/www.showeet.com\/fr\/qui-sommes-nous\/","name":"Qui sommes-nous?","isPartOf":{"@id":"https:\/\/www.showeet.com\/fr\/#website"},"datePublished":"2009-11-07T14:52:55+00:00","dateModified":"2015-06-05T16:51:40+00:00","description":"Le projet Showeet a commenc\u00e9 en juin 2009. Nous sommes 2 fr\u00e8res:\u00a0Dj\u00fc (designer) et\u00a0Z\u00efrk (consultant marketing), et avons d\u00e9cid\u00e9 de combiner nos","breadcrumb":{"@id":"https:\/\/www.showeet.com\/fr\/qui-sommes-nous\/#breadcrumb"},"inLanguage":"fr-FR","potentialAction":[{"@type":"ReadAction","target":["https:\/\/www.showeet.com\/fr\/qui-sommes-nous\/"]}]},{"@type":"BreadcrumbList","@id":"https:\/\/www.showeet.com\/fr\/qui-sommes-nous\/#breadcrumb","itemListElement":[{"@type":"ListItem","position":1,"name":"Home","item":"https:\/\/www.showeet.com\/fr\/"},{"@type":"ListItem","position":2,"name":"Qui sommes-nous?"}]},{"@type":"WebSite","@id":"https:\/\/www.showeet.com\/fr\/#website","url":"https:\/\/www.showeet.com\/fr\/","name":"Showeet","description":"Mod\u00e8les PowerPoint Gratuits et Cr\u00e9atifs","publisher":{"@id":"https:\/\/www.showeet.com\/fr\/#organization"},"potentialAction":[{"@type":"SearchAction","target":{"@type":"EntryPoint","urlTemplate":"https:\/\/www.showeet.com\/fr\/?s={search_term_string}"},"query-input":{"@type":"PropertyValueSpecification","valueRequired":true,"valueName":"search_term_string"}}],"inLanguage":"fr-FR"},{"@type":"Organization","@id":"https:\/\/www.showeet.com\/fr\/#organization","name":"Showeet","url":"https:\/\/www.showeet.com\/fr\/","logo":{"@type":"ImageObject","inLanguage":"fr-FR","@id":"https:\/\/www.showeet.com\/fr\/#\/schema\/logo\/image\/","url":"https:\/\/www.showeet.com\/wp-content\/uploads\/showeet-logo.png","contentUrl":"https:\/\/www.showeet.com\/wp-content\/uploads\/showeet-logo.png","width":160,"height":40,"caption":"Showeet"},"image":{"@id":"https:\/\/www.showeet.com\/fr\/#\/schema\/logo\/image\/"},"sameAs":["https:\/\/www.facebook.com\/showeetcom","https:\/\/x.com\/showeet","https:\/\/www.pinterest.com\/showeet\/"]}]}},"_links":{"self":[{"href":"https:\/\/www.showeet.com\/fr\/wp-json\/wp\/v2\/pages\/1128","targetHints":{"allow":["GET"]}}],"collection":[{"href":"https:\/\/www.showeet.com\/fr\/wp-json\/wp\/v2\/pages"}],"about":[{"href":"https:\/\/www.showeet.com\/fr\/wp-json\/wp\/v2\/types\/page"}],"author":[{"embeddable":true,"href":"https:\/\/www.showeet.com\/fr\/wp-json\/wp\/v2\/users\/1"}],"replies":[{"embeddable":true,"href":"https:\/\/www.showeet.com\/fr\/wp-json\/wp\/v2\/comments?post=1128"}],"version-history":[{"count":0,"href":"https:\/\/www.showeet.com\/fr\/wp-json\/wp\/v2\/pages\/1128\/revisions"}],"wp:attachment":[{"href":"https:\/\/www.showeet.com\/fr\/wp-json\/wp\/v2\/media?parent=1128"}],"curies":[{"name":"wp","href":"https:\/\/api.w.org\/{rel}","templated":true}]}}