{"id":16348,"date":"2018-03-27T22:25:17","date_gmt":"2018-03-28T03:25:17","guid":{"rendered":"http:\/\/showeet-new.flywheelsites.com\/?page_id=16348"},"modified":"2018-03-27T22:25:17","modified_gmt":"2018-03-28T03:25:17","slug":"dmca","status":"publish","type":"page","link":"https:\/\/www.showeet.com\/es\/dmca\/","title":{"rendered":"Aviso y procedimiento seg\u00fan la Digital Millennium Copyright Act [Ley de Derechos de Autor del Milenio Digital] (DMCA, por sus siglas en ingl\u00e9s)"},"content":{"rendered":"<p>Nos tomamos las violaciones de derechos de autor muy en serio y responderemos al aviso manifiesto de la supuesta infracci\u00f3n de los derechos de autor de acuerdo con la DMCA.<\/p>\n<p>Si usted es el propietario de los derechos de autor, o una persona autorizada para actuar en nombre del propietario de los derechos de autor, de cualquier contenido presente en el sitio web <strong><a href=\"https:\/\/www.showeet.com\/es\/\">Showeet.com<\/a><\/strong> y no desea autorizarnos a seguir usando dicho contenido, o si solicita que eliminemos una carpeta concreta en la que tiene autorizaci\u00f3n, debe avisarnos por escrito para que identifiquemos el contenido presuntamente infringido a fin de que podamos investigar y tomar cualquier medida necesaria, incluida la eliminaci\u00f3n o modificaci\u00f3n de dicho contenido.<\/p>\n<p>No podremos tomar ninguna medida si usted no nos proporciona la siguiente informaci\u00f3n requerida. Por tanto, rogamos que nos env\u00ede un correo electr\u00f3nico con los datos que le solicitamos a continuaci\u00f3n de la manera m\u00e1s precisa y completa posible. Puede presentar un aviso por escrito o correo postal a nuestro agente de DMCA como se indica a continuaci\u00f3n.<\/p>\n<p><strong>Su aviso por escrito debe incluir lo siguiente:<\/strong><\/p>\n<ul>\n<li>Su firma electr\u00f3nica o f\u00edsica.<\/li>\n<li>Identificaci\u00f3n del trabajo protegido por derechos de autor supuestamente infringido o, en caso de varios trabajos con derechos de autor en un \u00fanico sitio en l\u00ednea son objeto de una \u00fanica notificaci\u00f3n, una lista representativa de dichos trabajos en dicho sitio.<\/li>\n<li>Identificaci\u00f3n del material presuntamente infractor o sujeto de una actividad infractora, y que se suprimir\u00e1 o se deshabilitar\u00e1 el acceso al mismo, e informaci\u00f3n razonablemente suficiente para permitirnos localizar el material. Por favor, incluya la(s) URL concreta(s) de las p\u00e1ginas web donde se halla el material presuntamente infractor. Asimismo, aseg\u00farese de describir cualquier archivo o texto que sea infractor seg\u00fan usted y d\u00edganos qu\u00e9 medida desea que tomemos (por ejemplo, suprimir el material de manera completa o parcial, modificarlo, etc.)<\/li>\n<li>Informaci\u00f3n razonablemente suficiente para permitirnos contactar con usted, que incluye su nombre, domicilio, tel\u00e9fono y direcci\u00f3n de correo electr\u00f3nico.<\/li>\n<li>Una declaraci\u00f3n de que usted considera de buena fe que el uso del material de la manera que ocasiona la queja no est\u00e1 autorizado por el propietario de los derechos de autor, su agente o la ley.<\/li>\n<li>Una declaraci\u00f3n de que la informaci\u00f3n contenida en la notificaci\u00f3n es precisa, y bajo pena jur\u00eddico que usted tiene autorizaci\u00f3n para actuar en nombre del propietario de un derecho exclusivo que presuntamente se ha infringido.<\/ul>\n<\/li>\n<p>El aviso por escrito se debe enviar por email a esta direcci\u00f3n:<\/p>\n<p>christophe[@]ofeex.com<\/p>\n","protected":false},"excerpt":{"rendered":"<p>Nos tomamos las violaciones de derechos de autor muy en serio y responderemos al aviso manifiesto de la supuesta infracci\u00f3n<\/p>\n","protected":false},"author":1,"featured_media":0,"parent":0,"menu_order":0,"comment_status":"closed","ping_status":"closed","template":"","meta":{"_crdt_document":"","ngg_post_thumbnail":0,"footnotes":""},"class_list":["post-16348","page","type-page","status-publish"],"yoast_head":"<!-- This site is optimized with the Yoast SEO plugin v26.8 - https:\/\/yoast.com\/product\/yoast-seo-wordpress\/ -->\n<title>Aviso y procedimiento seg\u00fan la Digital Millennium Copyright Act [Ley de Derechos de Autor del Milenio Digital] (DMCA, por sus siglas en ingl\u00e9s)<\/title>\n<meta name=\"description\" content=\"Nos tomamos las violaciones de derechos de autor muy en serio y responderemos al aviso manifiesto de la supuesta infracci\u00f3n de los derechos de autor de\" \/>\n<meta name=\"robots\" content=\"index, follow, max-snippet:-1, max-image-preview:large, max-video-preview:-1\" \/>\n<link rel=\"canonical\" href=\"https:\/\/www.showeet.com\/es\/dmca\/\" \/>\n<meta property=\"og:locale\" content=\"es_ES\" \/>\n<meta property=\"og:type\" content=\"article\" \/>\n<meta property=\"og:title\" content=\"Aviso y procedimiento seg\u00fan la Digital Millennium Copyright Act [Ley de Derechos de Autor del Milenio Digital] (DMCA, por sus siglas en ingl\u00e9s)\" \/>\n<meta property=\"og:description\" content=\"Nos tomamos las violaciones de derechos de autor muy en serio y responderemos al aviso manifiesto de la supuesta infracci\u00f3n de los derechos de autor de\" \/>\n<meta property=\"og:url\" content=\"https:\/\/www.showeet.com\/es\/dmca\/\" \/>\n<meta property=\"og:site_name\" content=\"Showeet\" \/>\n<meta property=\"article:publisher\" content=\"https:\/\/www.facebook.com\/showeetcom\" \/>\n<meta name=\"twitter:card\" content=\"summary_large_image\" \/>\n<meta name=\"twitter:site\" content=\"@showeet\" \/>\n<meta name=\"twitter:label1\" content=\"Tiempo de lectura\" \/>\n\t<meta name=\"twitter:data1\" content=\"2 minutos\" \/>\n<script type=\"application\/ld+json\" class=\"yoast-schema-graph\">{\"@context\":\"https:\/\/schema.org\",\"@graph\":[{\"@type\":\"WebPage\",\"@id\":\"https:\/\/www.showeet.com\/es\/dmca\/\",\"url\":\"https:\/\/www.showeet.com\/es\/dmca\/\",\"name\":\"Aviso y procedimiento seg\u00fan la Digital Millennium Copyright Act [Ley de Derechos de Autor del Milenio Digital] (DMCA, por sus siglas en ingl\u00e9s)\",\"isPartOf\":{\"@id\":\"https:\/\/www.showeet.com\/es\/#website\"},\"datePublished\":\"2018-03-28T03:25:17+00:00\",\"description\":\"Nos tomamos las violaciones de derechos de autor muy en serio y responderemos al aviso manifiesto de la supuesta infracci\u00f3n de los derechos de autor de\",\"breadcrumb\":{\"@id\":\"https:\/\/www.showeet.com\/es\/dmca\/#breadcrumb\"},\"inLanguage\":\"es\",\"potentialAction\":[{\"@type\":\"ReadAction\",\"target\":[\"https:\/\/www.showeet.com\/es\/dmca\/\"]}]},{\"@type\":\"BreadcrumbList\",\"@id\":\"https:\/\/www.showeet.com\/es\/dmca\/#breadcrumb\",\"itemListElement\":[{\"@type\":\"ListItem\",\"position\":1,\"name\":\"Home\",\"item\":\"https:\/\/www.showeet.com\/es\/\"},{\"@type\":\"ListItem\",\"position\":2,\"name\":\"Aviso y procedimiento seg\u00fan la Digital Millennium Copyright Act [Ley de Derechos de Autor del Milenio Digital] (DMCA, por sus siglas en ingl\u00e9s)\"}]},{\"@type\":\"WebSite\",\"@id\":\"https:\/\/www.showeet.com\/es\/#website\",\"url\":\"https:\/\/www.showeet.com\/es\/\",\"name\":\"Showeet\",\"description\":\"Plantillas PowerPoint Gratis y Creativas\",\"publisher\":{\"@id\":\"https:\/\/www.showeet.com\/es\/#organization\"},\"potentialAction\":[{\"@type\":\"SearchAction\",\"target\":{\"@type\":\"EntryPoint\",\"urlTemplate\":\"https:\/\/www.showeet.com\/es\/?s={search_term_string}\"},\"query-input\":{\"@type\":\"PropertyValueSpecification\",\"valueRequired\":true,\"valueName\":\"search_term_string\"}}],\"inLanguage\":\"es\"},{\"@type\":\"Organization\",\"@id\":\"https:\/\/www.showeet.com\/es\/#organization\",\"name\":\"Showeet\",\"url\":\"https:\/\/www.showeet.com\/es\/\",\"logo\":{\"@type\":\"ImageObject\",\"inLanguage\":\"es\",\"@id\":\"https:\/\/www.showeet.com\/es\/#\/schema\/logo\/image\/\",\"url\":\"https:\/\/www.showeet.com\/wp-content\/uploads\/showeet-logo.png\",\"contentUrl\":\"https:\/\/www.showeet.com\/wp-content\/uploads\/showeet-logo.png\",\"width\":160,\"height\":40,\"caption\":\"Showeet\"},\"image\":{\"@id\":\"https:\/\/www.showeet.com\/es\/#\/schema\/logo\/image\/\"},\"sameAs\":[\"https:\/\/www.facebook.com\/showeetcom\",\"https:\/\/x.com\/showeet\",\"https:\/\/www.pinterest.com\/showeet\/\"]}]}<\/script>\n<!-- \/ Yoast SEO plugin. -->","yoast_head_json":{"title":"Aviso y procedimiento seg\u00fan la Digital Millennium Copyright Act [Ley de Derechos de Autor del Milenio Digital] (DMCA, por sus siglas en ingl\u00e9s)","description":"Nos tomamos las violaciones de derechos de autor muy en serio y responderemos al aviso manifiesto de la supuesta infracci\u00f3n de los derechos de autor de","robots":{"index":"index","follow":"follow","max-snippet":"max-snippet:-1","max-image-preview":"max-image-preview:large","max-video-preview":"max-video-preview:-1"},"canonical":"https:\/\/www.showeet.com\/es\/dmca\/","og_locale":"es_ES","og_type":"article","og_title":"Aviso y procedimiento seg\u00fan la Digital Millennium Copyright Act [Ley de Derechos de Autor del Milenio Digital] (DMCA, por sus siglas en ingl\u00e9s)","og_description":"Nos tomamos las violaciones de derechos de autor muy en serio y responderemos al aviso manifiesto de la supuesta infracci\u00f3n de los derechos de autor de","og_url":"https:\/\/www.showeet.com\/es\/dmca\/","og_site_name":"Showeet","article_publisher":"https:\/\/www.facebook.com\/showeetcom","twitter_card":"summary_large_image","twitter_site":"@showeet","twitter_misc":{"Tiempo de lectura":"2 minutos"},"schema":{"@context":"https:\/\/schema.org","@graph":[{"@type":"WebPage","@id":"https:\/\/www.showeet.com\/es\/dmca\/","url":"https:\/\/www.showeet.com\/es\/dmca\/","name":"Aviso y procedimiento seg\u00fan la Digital Millennium Copyright Act [Ley de Derechos de Autor del Milenio Digital] (DMCA, por sus siglas en ingl\u00e9s)","isPartOf":{"@id":"https:\/\/www.showeet.com\/es\/#website"},"datePublished":"2018-03-28T03:25:17+00:00","description":"Nos tomamos las violaciones de derechos de autor muy en serio y responderemos al aviso manifiesto de la supuesta infracci\u00f3n de los derechos de autor de","breadcrumb":{"@id":"https:\/\/www.showeet.com\/es\/dmca\/#breadcrumb"},"inLanguage":"es","potentialAction":[{"@type":"ReadAction","target":["https:\/\/www.showeet.com\/es\/dmca\/"]}]},{"@type":"BreadcrumbList","@id":"https:\/\/www.showeet.com\/es\/dmca\/#breadcrumb","itemListElement":[{"@type":"ListItem","position":1,"name":"Home","item":"https:\/\/www.showeet.com\/es\/"},{"@type":"ListItem","position":2,"name":"Aviso y procedimiento seg\u00fan la Digital Millennium Copyright Act [Ley de Derechos de Autor del Milenio Digital] (DMCA, por sus siglas en ingl\u00e9s)"}]},{"@type":"WebSite","@id":"https:\/\/www.showeet.com\/es\/#website","url":"https:\/\/www.showeet.com\/es\/","name":"Showeet","description":"Plantillas PowerPoint Gratis y Creativas","publisher":{"@id":"https:\/\/www.showeet.com\/es\/#organization"},"potentialAction":[{"@type":"SearchAction","target":{"@type":"EntryPoint","urlTemplate":"https:\/\/www.showeet.com\/es\/?s={search_term_string}"},"query-input":{"@type":"PropertyValueSpecification","valueRequired":true,"valueName":"search_term_string"}}],"inLanguage":"es"},{"@type":"Organization","@id":"https:\/\/www.showeet.com\/es\/#organization","name":"Showeet","url":"https:\/\/www.showeet.com\/es\/","logo":{"@type":"ImageObject","inLanguage":"es","@id":"https:\/\/www.showeet.com\/es\/#\/schema\/logo\/image\/","url":"https:\/\/www.showeet.com\/wp-content\/uploads\/showeet-logo.png","contentUrl":"https:\/\/www.showeet.com\/wp-content\/uploads\/showeet-logo.png","width":160,"height":40,"caption":"Showeet"},"image":{"@id":"https:\/\/www.showeet.com\/es\/#\/schema\/logo\/image\/"},"sameAs":["https:\/\/www.facebook.com\/showeetcom","https:\/\/x.com\/showeet","https:\/\/www.pinterest.com\/showeet\/"]}]}},"_links":{"self":[{"href":"https:\/\/www.showeet.com\/es\/wp-json\/wp\/v2\/pages\/16348","targetHints":{"allow":["GET"]}}],"collection":[{"href":"https:\/\/www.showeet.com\/es\/wp-json\/wp\/v2\/pages"}],"about":[{"href":"https:\/\/www.showeet.com\/es\/wp-json\/wp\/v2\/types\/page"}],"author":[{"embeddable":true,"href":"https:\/\/www.showeet.com\/es\/wp-json\/wp\/v2\/users\/1"}],"replies":[{"embeddable":true,"href":"https:\/\/www.showeet.com\/es\/wp-json\/wp\/v2\/comments?post=16348"}],"version-history":[{"count":0,"href":"https:\/\/www.showeet.com\/es\/wp-json\/wp\/v2\/pages\/16348\/revisions"}],"wp:attachment":[{"href":"https:\/\/www.showeet.com\/es\/wp-json\/wp\/v2\/media?parent=16348"}],"curies":[{"name":"wp","href":"https:\/\/api.w.org\/{rel}","templated":true}]}}