{"id":11409,"date":"2016-07-24T16:28:50","date_gmt":"2016-07-24T22:28:50","guid":{"rendered":"http:\/\/showeet-new.flywheelsites.com\/es\/?page_id=11409"},"modified":"2021-07-19T18:38:24","modified_gmt":"2021-07-19T23:38:24","slug":"faq","status":"publish","type":"page","link":"https:\/\/www.showeet.com\/es\/faq\/","title":{"rendered":"FAQ"},"content":{"rendered":"<p>Encontrar\u00e1 abajo las respuestas de las <strong>preguntas realizadas frecuentemente<\/strong>.<\/p>\n<p>Si no encuentra la respuesta relacionada a su pregunta, favor de <a href=\"https:\/\/www.showeet.com\/es\/como-contactarnos\/\"><strong>contactarnos<\/strong><\/a>.<\/p>\n<p>&nbsp;<\/p>\n<h2>P. \u00bfComo puedo bajar los modelos de las presentaciones?<\/h2>\n<p>R. Para bajar los modelos de las presentaciones, simplemente haga clic en la liga verde \u00abdescargar\u00bb que se encuentra <strong>debajo<\/strong> de cada post.<\/p>\n<p><img loading=\"lazy\" decoding=\"async\" class=\"alignleft size-full wp-image-11410\" src=\"https:\/\/www.showeet.com\/wp-content\/uploads\/FAQ-ComoDescargar.png\" alt=\"FAQ - Como puedo bajar los modelos de las presentaciones\" width=\"364\" height=\"245\" srcset=\"https:\/\/www.showeet.com\/wp-content\/uploads\/FAQ-ComoDescargar.png 364w, https:\/\/www.showeet.com\/wp-content\/uploads\/FAQ-ComoDescargar-300x202.png 300w\" sizes=\"auto, (max-width: 364px) 100vw, 364px\" \/><\/p>\n<p>&nbsp;<\/p>\n<p>&nbsp;<\/p>\n<p>&nbsp;<\/p>\n<p>&nbsp;<\/p>\n<p>&nbsp;<\/p>\n<p>&nbsp;<\/p>\n<p>&nbsp;<\/p>\n<p>&nbsp;<\/p>\n<h2>Q. \u00bfC\u00f3mo les puedo apoyar?<\/h2>\n<p>No pedimos donaciones. Ofrecemos plantillas gratuitas y <strong>nos encanta lo que hacemos<\/strong>.<\/p>\n<p>Pero si desea apoyarnos de alguna manera, puede comprarnos un caf\u00e9 (o m\u00e1s ;-), simplemente haga clic en el bot\u00f3n verde a continuaci\u00f3n:<\/p>\n<p>[Paypal]<\/p>\n<p><strong> \u00a1Muchas gracias por su apoyo!<\/strong><\/p>\n","protected":false},"excerpt":{"rendered":"<p>Encontrar\u00e1 abajo las respuestas de las preguntas realizadas frecuentemente. Si no encuentra la respuesta relacionada a su pregunta, favor de<\/p>\n","protected":false},"author":1,"featured_media":0,"parent":0,"menu_order":0,"comment_status":"closed","ping_status":"closed","template":"","meta":{"_crdt_document":"","ngg_post_thumbnail":0,"footnotes":""},"class_list":["post-11409","page","type-page","status-publish"],"yoast_head":"<!-- This site is optimized with the Yoast SEO plugin v26.8 - https:\/\/yoast.com\/product\/yoast-seo-wordpress\/ -->\n<title>FAQ - Preguntas m\u00e1s frecuentes<\/title>\n<meta name=\"description\" content=\"FAQ - Preguntas m\u00e1s frecuentes\" \/>\n<meta name=\"robots\" content=\"index, follow, max-snippet:-1, max-image-preview:large, max-video-preview:-1\" \/>\n<link rel=\"canonical\" href=\"https:\/\/www.showeet.com\/es\/faq\/\" \/>\n<meta property=\"og:locale\" content=\"es_ES\" \/>\n<meta property=\"og:type\" content=\"article\" \/>\n<meta property=\"og:title\" content=\"FAQ - Preguntas m\u00e1s frecuentes\" \/>\n<meta property=\"og:description\" content=\"FAQ - Preguntas m\u00e1s frecuentes\" \/>\n<meta property=\"og:url\" content=\"https:\/\/www.showeet.com\/es\/faq\/\" \/>\n<meta property=\"og:site_name\" content=\"Showeet\" \/>\n<meta property=\"article:publisher\" content=\"https:\/\/www.facebook.com\/showeetcom\" \/>\n<meta property=\"article:modified_time\" content=\"2021-07-19T23:38:24+00:00\" \/>\n<meta property=\"og:image\" content=\"https:\/\/www.showeet.com\/wp-content\/uploads\/FAQ-ComoDescargar.png\" \/>\n<meta name=\"twitter:card\" content=\"summary_large_image\" \/>\n<meta name=\"twitter:site\" content=\"@showeet\" \/>\n<meta name=\"twitter:label1\" content=\"Tiempo de lectura\" \/>\n\t<meta name=\"twitter:data1\" content=\"1 minuto\" \/>\n<script type=\"application\/ld+json\" class=\"yoast-schema-graph\">{\"@context\":\"https:\/\/schema.org\",\"@graph\":[{\"@type\":\"WebPage\",\"@id\":\"https:\/\/www.showeet.com\/es\/faq\/\",\"url\":\"https:\/\/www.showeet.com\/es\/faq\/\",\"name\":\"FAQ - Preguntas m\u00e1s frecuentes\",\"isPartOf\":{\"@id\":\"https:\/\/www.showeet.com\/es\/#website\"},\"primaryImageOfPage\":{\"@id\":\"https:\/\/www.showeet.com\/es\/faq\/#primaryimage\"},\"image\":{\"@id\":\"https:\/\/www.showeet.com\/es\/faq\/#primaryimage\"},\"thumbnailUrl\":\"https:\/\/www.showeet.com\/wp-content\/uploads\/FAQ-ComoDescargar.png\",\"datePublished\":\"2016-07-24T22:28:50+00:00\",\"dateModified\":\"2021-07-19T23:38:24+00:00\",\"description\":\"FAQ - Preguntas m\u00e1s frecuentes\",\"breadcrumb\":{\"@id\":\"https:\/\/www.showeet.com\/es\/faq\/#breadcrumb\"},\"inLanguage\":\"es\",\"potentialAction\":[{\"@type\":\"ReadAction\",\"target\":[\"https:\/\/www.showeet.com\/es\/faq\/\"]}]},{\"@type\":\"ImageObject\",\"inLanguage\":\"es\",\"@id\":\"https:\/\/www.showeet.com\/es\/faq\/#primaryimage\",\"url\":\"https:\/\/www.showeet.com\/wp-content\/uploads\/FAQ-ComoDescargar.png\",\"contentUrl\":\"https:\/\/www.showeet.com\/wp-content\/uploads\/FAQ-ComoDescargar.png\"},{\"@type\":\"BreadcrumbList\",\"@id\":\"https:\/\/www.showeet.com\/es\/faq\/#breadcrumb\",\"itemListElement\":[{\"@type\":\"ListItem\",\"position\":1,\"name\":\"Home\",\"item\":\"https:\/\/www.showeet.com\/es\/\"},{\"@type\":\"ListItem\",\"position\":2,\"name\":\"FAQ\"}]},{\"@type\":\"WebSite\",\"@id\":\"https:\/\/www.showeet.com\/es\/#website\",\"url\":\"https:\/\/www.showeet.com\/es\/\",\"name\":\"Showeet\",\"description\":\"Plantillas PowerPoint Gratis y Creativas\",\"publisher\":{\"@id\":\"https:\/\/www.showeet.com\/es\/#organization\"},\"potentialAction\":[{\"@type\":\"SearchAction\",\"target\":{\"@type\":\"EntryPoint\",\"urlTemplate\":\"https:\/\/www.showeet.com\/es\/?s={search_term_string}\"},\"query-input\":{\"@type\":\"PropertyValueSpecification\",\"valueRequired\":true,\"valueName\":\"search_term_string\"}}],\"inLanguage\":\"es\"},{\"@type\":\"Organization\",\"@id\":\"https:\/\/www.showeet.com\/es\/#organization\",\"name\":\"Showeet\",\"url\":\"https:\/\/www.showeet.com\/es\/\",\"logo\":{\"@type\":\"ImageObject\",\"inLanguage\":\"es\",\"@id\":\"https:\/\/www.showeet.com\/es\/#\/schema\/logo\/image\/\",\"url\":\"https:\/\/www.showeet.com\/wp-content\/uploads\/showeet-logo.png\",\"contentUrl\":\"https:\/\/www.showeet.com\/wp-content\/uploads\/showeet-logo.png\",\"width\":160,\"height\":40,\"caption\":\"Showeet\"},\"image\":{\"@id\":\"https:\/\/www.showeet.com\/es\/#\/schema\/logo\/image\/\"},\"sameAs\":[\"https:\/\/www.facebook.com\/showeetcom\",\"https:\/\/x.com\/showeet\",\"https:\/\/www.pinterest.com\/showeet\/\"]}]}<\/script>\n<!-- \/ Yoast SEO plugin. -->","yoast_head_json":{"title":"FAQ - Preguntas m\u00e1s frecuentes","description":"FAQ - Preguntas m\u00e1s frecuentes","robots":{"index":"index","follow":"follow","max-snippet":"max-snippet:-1","max-image-preview":"max-image-preview:large","max-video-preview":"max-video-preview:-1"},"canonical":"https:\/\/www.showeet.com\/es\/faq\/","og_locale":"es_ES","og_type":"article","og_title":"FAQ - Preguntas m\u00e1s frecuentes","og_description":"FAQ - Preguntas m\u00e1s frecuentes","og_url":"https:\/\/www.showeet.com\/es\/faq\/","og_site_name":"Showeet","article_publisher":"https:\/\/www.facebook.com\/showeetcom","article_modified_time":"2021-07-19T23:38:24+00:00","og_image":[{"url":"https:\/\/www.showeet.com\/wp-content\/uploads\/FAQ-ComoDescargar.png","type":"","width":"","height":""}],"twitter_card":"summary_large_image","twitter_site":"@showeet","twitter_misc":{"Tiempo de lectura":"1 minuto"},"schema":{"@context":"https:\/\/schema.org","@graph":[{"@type":"WebPage","@id":"https:\/\/www.showeet.com\/es\/faq\/","url":"https:\/\/www.showeet.com\/es\/faq\/","name":"FAQ - Preguntas m\u00e1s frecuentes","isPartOf":{"@id":"https:\/\/www.showeet.com\/es\/#website"},"primaryImageOfPage":{"@id":"https:\/\/www.showeet.com\/es\/faq\/#primaryimage"},"image":{"@id":"https:\/\/www.showeet.com\/es\/faq\/#primaryimage"},"thumbnailUrl":"https:\/\/www.showeet.com\/wp-content\/uploads\/FAQ-ComoDescargar.png","datePublished":"2016-07-24T22:28:50+00:00","dateModified":"2021-07-19T23:38:24+00:00","description":"FAQ - Preguntas m\u00e1s frecuentes","breadcrumb":{"@id":"https:\/\/www.showeet.com\/es\/faq\/#breadcrumb"},"inLanguage":"es","potentialAction":[{"@type":"ReadAction","target":["https:\/\/www.showeet.com\/es\/faq\/"]}]},{"@type":"ImageObject","inLanguage":"es","@id":"https:\/\/www.showeet.com\/es\/faq\/#primaryimage","url":"https:\/\/www.showeet.com\/wp-content\/uploads\/FAQ-ComoDescargar.png","contentUrl":"https:\/\/www.showeet.com\/wp-content\/uploads\/FAQ-ComoDescargar.png"},{"@type":"BreadcrumbList","@id":"https:\/\/www.showeet.com\/es\/faq\/#breadcrumb","itemListElement":[{"@type":"ListItem","position":1,"name":"Home","item":"https:\/\/www.showeet.com\/es\/"},{"@type":"ListItem","position":2,"name":"FAQ"}]},{"@type":"WebSite","@id":"https:\/\/www.showeet.com\/es\/#website","url":"https:\/\/www.showeet.com\/es\/","name":"Showeet","description":"Plantillas PowerPoint Gratis y Creativas","publisher":{"@id":"https:\/\/www.showeet.com\/es\/#organization"},"potentialAction":[{"@type":"SearchAction","target":{"@type":"EntryPoint","urlTemplate":"https:\/\/www.showeet.com\/es\/?s={search_term_string}"},"query-input":{"@type":"PropertyValueSpecification","valueRequired":true,"valueName":"search_term_string"}}],"inLanguage":"es"},{"@type":"Organization","@id":"https:\/\/www.showeet.com\/es\/#organization","name":"Showeet","url":"https:\/\/www.showeet.com\/es\/","logo":{"@type":"ImageObject","inLanguage":"es","@id":"https:\/\/www.showeet.com\/es\/#\/schema\/logo\/image\/","url":"https:\/\/www.showeet.com\/wp-content\/uploads\/showeet-logo.png","contentUrl":"https:\/\/www.showeet.com\/wp-content\/uploads\/showeet-logo.png","width":160,"height":40,"caption":"Showeet"},"image":{"@id":"https:\/\/www.showeet.com\/es\/#\/schema\/logo\/image\/"},"sameAs":["https:\/\/www.facebook.com\/showeetcom","https:\/\/x.com\/showeet","https:\/\/www.pinterest.com\/showeet\/"]}]}},"_links":{"self":[{"href":"https:\/\/www.showeet.com\/es\/wp-json\/wp\/v2\/pages\/11409","targetHints":{"allow":["GET"]}}],"collection":[{"href":"https:\/\/www.showeet.com\/es\/wp-json\/wp\/v2\/pages"}],"about":[{"href":"https:\/\/www.showeet.com\/es\/wp-json\/wp\/v2\/types\/page"}],"author":[{"embeddable":true,"href":"https:\/\/www.showeet.com\/es\/wp-json\/wp\/v2\/users\/1"}],"replies":[{"embeddable":true,"href":"https:\/\/www.showeet.com\/es\/wp-json\/wp\/v2\/comments?post=11409"}],"version-history":[{"count":0,"href":"https:\/\/www.showeet.com\/es\/wp-json\/wp\/v2\/pages\/11409\/revisions"}],"wp:attachment":[{"href":"https:\/\/www.showeet.com\/es\/wp-json\/wp\/v2\/media?parent=11409"}],"curies":[{"name":"wp","href":"https:\/\/api.w.org\/{rel}","templated":true}]}}